{"id":49,"date":"2018-05-21T14:52:24","date_gmt":"2018-05-21T14:52:24","guid":{"rendered":"http:\/\/projesolda.pt\/?page_id=49"},"modified":"2020-11-23T22:54:28","modified_gmt":"2020-11-23T22:54:28","slug":"quemsomos","status":"publish","type":"page","link":"https:\/\/projesolda.pt\/index.php\/quemsomos\/","title":{"rendered":"Quem Somos"},"content":{"rendered":"\t\t<div data-elementor-type=\"wp-page\" data-elementor-id=\"49\" class=\"elementor elementor-49 elementor-bc-flex-widget\">\n\t\t\t\t\t\t<section class=\"elementor-section elementor-top-section elementor-element elementor-element-47a190f elementor-section-boxed elementor-section-height-default elementor-section-height-default\" data-id=\"47a190f\" data-element_type=\"section\" data-e-type=\"section\">\n\t\t\t\t\t\t<div class=\"elementor-container elementor-column-gap-default\">\n\t\t\t\t\t<div class=\"elementor-column elementor-col-100 elementor-top-column elementor-element elementor-element-43af91e\" data-id=\"43af91e\" data-element_type=\"column\" data-e-type=\"column\">\n\t\t\t<div class=\"elementor-widget-wrap elementor-element-populated\">\n\t\t\t\t\t\t<div class=\"elementor-element elementor-element-ac06acc elementor-widget elementor-widget-text-editor\" data-id=\"ac06acc\" data-element_type=\"widget\" data-e-type=\"widget\" data-widget_type=\"text-editor.default\">\n\t\t\t\t<div class=\"elementor-widget-container\">\n\t\t\t\t\t\t\t\t\t<p dir=\"auto\">A Projesolda, empresa que surge em Mar\u00e7o de 1993, nasce pela necessidade de manuten\u00e7\u00e3o de org\u00e3os para a industria das mais diversas \u00e1reas.<\/p><p dir=\"auto\">Dada a experi\u00eancia pr\u00e1tica do seu s\u00f3cio e gerente, na \u00e1rea da manuten\u00e7\u00e3o, complementa os seu conhecimentos quando ingressou numa equipa de comercializa\u00e7\u00e3o de produtos na representada da marca de referencia Castolin, por mais de uma d\u00e9cada.<\/p><p dir=\"auto\"><span style=\"letter-spacing: 0.2px;\">Conseguiu novas mais-valias, <\/span><span style=\"letter-spacing: 0.2px;\">experi\u00eancias<\/span><span style=\"letter-spacing: 0.2px;\">\u00a0e conhecimentos.<\/span><\/p><p><span style=\"color: #7a7a7a; font-family: Arial, sans-serif; font-size: 14px;\">Localizada na zona centro<\/span>, a industria do vidro de embalagem, cer\u00e2mica e cimentos, s\u00e3o o tecido predominante das industrias transformadoras, conseguimos encontrar todos os fen\u00f3menos de desgaste e especificidades.<\/p><p dir=\"auto\">Estamos focados em fornecer produtos de referencia e qualidade a pre\u00e7os competitivos aliado \u00e0 presta\u00e7\u00e3o de servi\u00e7os de manuten\u00e7\u00e3o e repara\u00e7\u00e3o.<\/p>\t\t\t\t\t\t\t\t<\/div>\n\t\t\t\t<\/div>\n\t\t\t\t\t<\/div>\n\t\t<\/div>\n\t\t\t\t\t<\/div>\n\t\t<\/section>\n\t\t\t\t<\/div>\n\t\t","protected":false},"excerpt":{"rendered":"<p>A Projesolda, empresa que surge em Mar\u00e7o de 1993, nasce pela necessidade de manuten\u00e7\u00e3o de org\u00e3os para a industria das mais diversas \u00e1reas. Dada a experi\u00eancia pr\u00e1tica do seu s\u00f3cio e gerente, na \u00e1rea da manuten\u00e7\u00e3o, complementa os seu conhecimentos quando ingressou numa equipa de comercializa\u00e7\u00e3o de produtos na representada da marca de referencia Castolin,<br \/><a class=\"moretag\" href=\"https:\/\/projesolda.pt\/index.php\/quemsomos\/\">+ Read More<\/a><\/p>\n","protected":false},"author":2,"featured_media":0,"parent":0,"menu_order":0,"comment_status":"closed","ping_status":"closed","template":"templates\/page-fullwidth_template.php","meta":{"footnotes":""},"class_list":["post-49","page","type-page","status-publish","hentry"],"_links":{"self":[{"href":"https:\/\/projesolda.pt\/index.php\/wp-json\/wp\/v2\/pages\/49","targetHints":{"allow":["GET"]}}],"collection":[{"href":"https:\/\/projesolda.pt\/index.php\/wp-json\/wp\/v2\/pages"}],"about":[{"href":"https:\/\/projesolda.pt\/index.php\/wp-json\/wp\/v2\/types\/page"}],"author":[{"embeddable":true,"href":"https:\/\/projesolda.pt\/index.php\/wp-json\/wp\/v2\/users\/2"}],"replies":[{"embeddable":true,"href":"https:\/\/projesolda.pt\/index.php\/wp-json\/wp\/v2\/comments?post=49"}],"version-history":[{"count":33,"href":"https:\/\/projesolda.pt\/index.php\/wp-json\/wp\/v2\/pages\/49\/revisions"}],"predecessor-version":[{"id":798,"href":"https:\/\/projesolda.pt\/index.php\/wp-json\/wp\/v2\/pages\/49\/revisions\/798"}],"wp:attachment":[{"href":"https:\/\/projesolda.pt\/index.php\/wp-json\/wp\/v2\/media?parent=49"}],"curies":[{"name":"wp","href":"https:\/\/api.w.org\/{rel}","templated":true}]}}